{"id":179,"date":"2020-08-25T17:57:01","date_gmt":"2020-08-25T15:57:01","guid":{"rendered":"https:\/\/weingutsommer.moerbisch.net\/?post_type=product&#038;p=179"},"modified":"2026-01-02T07:54:07","modified_gmt":"2026-01-02T06:54:07","slug":"rossecco-blaufraenkisch-rose","status":"publish","type":"product","link":"https:\/\/www.weingutsommer.at\/?product=rossecco-blaufraenkisch-rose","title":{"rendered":"&#8220;Rossecco&#8221; Blaufr\u00e4nkisch Ros\u00e9"},"content":{"rendered":"","protected":false},"excerpt":{"rendered":"<p>Zisch, frisch, Blaufr\u00e4nkisch, dezente Erdbeernote.<\/p>\n<p>Lebendige S\u00e4ure.<\/p>\n","protected":false},"featured_media":177,"template":"","meta":[],"product_cat":[31],"product_tag":[],"jetpack_sharing_enabled":true,"_links":{"self":[{"href":"https:\/\/www.weingutsommer.at\/index.php?rest_route=\/wp\/v2\/product\/179"}],"collection":[{"href":"https:\/\/www.weingutsommer.at\/index.php?rest_route=\/wp\/v2\/product"}],"about":[{"href":"https:\/\/www.weingutsommer.at\/index.php?rest_route=\/wp\/v2\/types\/product"}],"wp:featuredmedia":[{"embeddable":true,"href":"https:\/\/www.weingutsommer.at\/index.php?rest_route=\/wp\/v2\/media\/177"}],"wp:attachment":[{"href":"https:\/\/www.weingutsommer.at\/index.php?rest_route=%2Fwp%2Fv2%2Fmedia&parent=179"}],"wp:term":[{"taxonomy":"product_cat","embeddable":true,"href":"https:\/\/www.weingutsommer.at\/index.php?rest_route=%2Fwp%2Fv2%2Fproduct_cat&post=179"},{"taxonomy":"product_tag","embeddable":true,"href":"https:\/\/www.weingutsommer.at\/index.php?rest_route=%2Fwp%2Fv2%2Fproduct_tag&post=179"}],"curies":[{"name":"wp","href":"https:\/\/api.w.org\/{rel}","templated":true}]}}