{"id":149,"date":"2020-08-22T20:23:17","date_gmt":"2020-08-22T18:23:17","guid":{"rendered":"https:\/\/weingutsommer.moerbisch.net\/?post_type=product&#038;p=149"},"modified":"2026-01-02T07:56:41","modified_gmt":"2026-01-02T06:56:41","slug":"blaufraenkisch-rose-lieblich","status":"publish","type":"product","link":"https:\/\/www.weingutsommer.at\/?product=blaufraenkisch-rose-lieblich","title":{"rendered":"Blaufr\u00e4nkisch Ros\u00e9 (lieblich)"},"content":{"rendered":"","protected":false},"excerpt":{"rendered":"<p>Dezente Erdbeernote.<\/p>\n<p>Ausgewogenes S\u00fc\u00df-S\u00e4urespiel.<\/p>\n","protected":false},"featured_media":150,"template":"","meta":[],"product_cat":[17,24],"product_tag":[],"jetpack_sharing_enabled":true,"_links":{"self":[{"href":"https:\/\/www.weingutsommer.at\/index.php?rest_route=\/wp\/v2\/product\/149"}],"collection":[{"href":"https:\/\/www.weingutsommer.at\/index.php?rest_route=\/wp\/v2\/product"}],"about":[{"href":"https:\/\/www.weingutsommer.at\/index.php?rest_route=\/wp\/v2\/types\/product"}],"wp:featuredmedia":[{"embeddable":true,"href":"https:\/\/www.weingutsommer.at\/index.php?rest_route=\/wp\/v2\/media\/150"}],"wp:attachment":[{"href":"https:\/\/www.weingutsommer.at\/index.php?rest_route=%2Fwp%2Fv2%2Fmedia&parent=149"}],"wp:term":[{"taxonomy":"product_cat","embeddable":true,"href":"https:\/\/www.weingutsommer.at\/index.php?rest_route=%2Fwp%2Fv2%2Fproduct_cat&post=149"},{"taxonomy":"product_tag","embeddable":true,"href":"https:\/\/www.weingutsommer.at\/index.php?rest_route=%2Fwp%2Fv2%2Fproduct_tag&post=149"}],"curies":[{"name":"wp","href":"https:\/\/api.w.org\/{rel}","templated":true}]}}