{"id":136,"date":"2020-08-22T19:44:06","date_gmt":"2020-08-22T17:44:06","guid":{"rendered":"https:\/\/weingutsommer.moerbisch.net\/?post_type=product&#038;p=136"},"modified":"2026-01-02T07:57:38","modified_gmt":"2026-01-02T06:57:38","slug":"weissburgunder","status":"publish","type":"product","link":"https:\/\/www.weingutsommer.at\/?product=weissburgunder","title":{"rendered":"Wei\u00dfburgunder"},"content":{"rendered":"","protected":false},"excerpt":{"rendered":"<p>Vielschichtiges Bukett von Lindenbl\u00fcten, reifen \u00c4pfeln mit exotische Nuancen.<\/p>\n<p>Harmonische S\u00e4urestruktur.<\/p>\n","protected":false},"featured_media":137,"template":"","meta":[],"product_cat":[17,18],"product_tag":[],"jetpack_sharing_enabled":true,"_links":{"self":[{"href":"https:\/\/www.weingutsommer.at\/index.php?rest_route=\/wp\/v2\/product\/136"}],"collection":[{"href":"https:\/\/www.weingutsommer.at\/index.php?rest_route=\/wp\/v2\/product"}],"about":[{"href":"https:\/\/www.weingutsommer.at\/index.php?rest_route=\/wp\/v2\/types\/product"}],"wp:featuredmedia":[{"embeddable":true,"href":"https:\/\/www.weingutsommer.at\/index.php?rest_route=\/wp\/v2\/media\/137"}],"wp:attachment":[{"href":"https:\/\/www.weingutsommer.at\/index.php?rest_route=%2Fwp%2Fv2%2Fmedia&parent=136"}],"wp:term":[{"taxonomy":"product_cat","embeddable":true,"href":"https:\/\/www.weingutsommer.at\/index.php?rest_route=%2Fwp%2Fv2%2Fproduct_cat&post=136"},{"taxonomy":"product_tag","embeddable":true,"href":"https:\/\/www.weingutsommer.at\/index.php?rest_route=%2Fwp%2Fv2%2Fproduct_tag&post=136"}],"curies":[{"name":"wp","href":"https:\/\/api.w.org\/{rel}","templated":true}]}}