{"id":265,"date":"2021-08-13T11:12:03","date_gmt":"2021-08-13T09:12:03","guid":{"rendered":"https:\/\/www.weingutsommer.at\/?page_id=265"},"modified":"2021-08-13T11:13:50","modified_gmt":"2021-08-13T09:13:50","slug":"versandinformation","status":"publish","type":"page","link":"https:\/\/www.weingutsommer.at\/?page_id=265","title":{"rendered":"Versandinformation"},"content":{"rendered":"\n<p class=\"has-text-align-center\"><strong>Es gilt eine Mindestbestellmenge von 6 Flaschen.<\/strong><\/p>\n\n\n\n<p class=\"has-text-align-center\">Aus versandtechnischen Gr\u00fcnden empfehlen wir Ihnen Bestellungen, die durch 6 teilbar sind.<br>Kleinere Kartongr\u00f6\u00dfen nur auf Anfrage.<\/p>\n\n\n\n<h2 class=\"wp-block-heading\">Versand nach \u00d6sterreich<\/h2>\n\n\n\n<figure class=\"wp-block-table\"><table><tbody><tr><td>6 Flaschen:<\/td><td class=\"has-text-align-right\" data-align=\"right\">\u20ac 8,00<\/td><\/tr><tr><td>Bis inklusive 12 Flaschen:<\/td><td class=\"has-text-align-right\" data-align=\"right\">\u20ac 10,00<\/td><\/tr><tr><td>Bis inklusive 18 Flaschen:<\/td><td class=\"has-text-align-right\" data-align=\"right\">\u20ac 15,00<\/td><\/tr><tr><td>Bis inklusive 24 Flaschen:<\/td><td class=\"has-text-align-right\" data-align=\"right\">\u20ac 18,00<\/td><\/tr><tr><td>Bis inklusive 36 Flaschen:<\/td><td class=\"has-text-align-right\" data-align=\"right\">\u20ac 24,00<\/td><\/tr><tr><td>Liefzeit in \u00d6sterreich:<\/td><td class=\"has-text-align-right\" data-align=\"right\">3-5 Werktage<\/td><\/tr><\/tbody><\/table><\/figure>\n\n\n\n<h2 class=\"wp-block-heading\">Versand nach Deutschland<\/h2>\n\n\n\n<figure class=\"wp-block-table\"><table><tbody><tr><td>6 Flaschen:<\/td><td class=\"has-text-align-right\" data-align=\"right\">\u20ac 15,00<\/td><\/tr><tr><td>Bis inklusive 12 Flaschen:<\/td><td class=\"has-text-align-right\" data-align=\"right\">\u20ac 18,00<\/td><\/tr><tr><td>Bis inklusive 18 Flaschen:<\/td><td class=\"has-text-align-right\" data-align=\"right\">\u20ac 33,00<\/td><\/tr><tr><td>Bis inklusive 24 Flaschen:<\/td><td class=\"has-text-align-right\" data-align=\"right\">\u20ac 36,00<\/td><\/tr><tr><td>Bis inklusive 36 Flaschen:<\/td><td class=\"has-text-align-right\" data-align=\"right\">\u20ac 44,00<\/td><\/tr><tr><td>Liefzeit in Deutschland:<\/td><td class=\"has-text-align-right\" data-align=\"right\">4-7 Werktage<\/td><\/tr><\/tbody><\/table><\/figure>\n\n\n\n<p>F\u00fcr gr\u00f6\u00dfere Lieferungen fordern Sie bitte ein spezielles Angebot an oder erkundigen Sie sich nach unserem Lieferplan per Tel. 0650\/7616407.<\/p>\n","protected":false},"excerpt":{"rendered":"<p>Es gilt eine Mindestbestellmenge von 6 Flaschen. Aus versandtechnischen Gr\u00fcnden empfehlen wir Ihnen Bestellungen, die durch 6 teilbar sind.Kleinere Kartongr\u00f6\u00dfen nur auf Anfrage. Versand nach \u00d6sterreich 6 Flaschen: \u20ac 8,00 Bis inklusive 12 Flaschen: \u20ac 10,00 Bis inklusive 18 Flaschen: \u20ac 15,00 Bis inklusive 24 Flaschen: \u20ac 18,00 Bis inklusive 36 Flaschen: \u20ac 24,00 Liefzeit &hellip; <\/p>\n","protected":false},"author":1,"featured_media":0,"parent":0,"menu_order":0,"comment_status":"closed","ping_status":"closed","template":"","meta":{"footnotes":""},"jetpack_sharing_enabled":true,"_links":{"self":[{"href":"https:\/\/www.weingutsommer.at\/index.php?rest_route=\/wp\/v2\/pages\/265"}],"collection":[{"href":"https:\/\/www.weingutsommer.at\/index.php?rest_route=\/wp\/v2\/pages"}],"about":[{"href":"https:\/\/www.weingutsommer.at\/index.php?rest_route=\/wp\/v2\/types\/page"}],"author":[{"embeddable":true,"href":"https:\/\/www.weingutsommer.at\/index.php?rest_route=\/wp\/v2\/users\/1"}],"replies":[{"embeddable":true,"href":"https:\/\/www.weingutsommer.at\/index.php?rest_route=%2Fwp%2Fv2%2Fcomments&post=265"}],"version-history":[{"count":2,"href":"https:\/\/www.weingutsommer.at\/index.php?rest_route=\/wp\/v2\/pages\/265\/revisions"}],"predecessor-version":[{"id":267,"href":"https:\/\/www.weingutsommer.at\/index.php?rest_route=\/wp\/v2\/pages\/265\/revisions\/267"}],"wp:attachment":[{"href":"https:\/\/www.weingutsommer.at\/index.php?rest_route=%2Fwp%2Fv2%2Fmedia&parent=265"}],"curies":[{"name":"wp","href":"https:\/\/api.w.org\/{rel}","templated":true}]}}